{"id":5784,"date":"2026-04-22T10:04:43","date_gmt":"2026-04-22T08:04:43","guid":{"rendered":"https:\/\/todospintamoscontraelbullying.com\/01test-traducir-sant-jordi\/"},"modified":"2026-04-28T16:17:14","modified_gmt":"2026-04-28T14:17:14","slug":"01test-traducir-sant-jordi","status":"publish","type":"page","link":"https:\/\/ipv6.todospintamoscontraelbullying.com\/ca\/01test-traducir-sant-jordi\/","title":{"rendered":"01test traducir Sant Jordi"},"content":{"rendered":"<div class=\"et_pb_section_0 et_pb_section et_section_regular et_flex_section\">\n<div class=\"et_pb_row_0 et_pb_row et_flex_row\">\n<div class=\"et_pb_column_0 et_pb_column et_flex_column et_pb_css_mix_blend_mode_passthrough et_flex_column_12_24 et_flex_column_12_24_tablet et_flex_column_24_24_phone\">\n<div class=\"et_pb_post_title_0 et_pb_post_title et_pb_bg_layout_light et_pb_module et_flex_module\"><div class=\"et_pb_title_container\"><h1 class=\"entry-title\">01test traducir Sant Jordi<\/h1><p class=\"et_pb_title_meta_container\">by <span class=\"author vcard\"><a href=\"https:\/\/ipv6.todospintamoscontraelbullying.com\/ca\/author\/marketing\/\" title=\"Posts by Marketing\">Marketing<\/a><\/span> | <span class=\"published\">abr. 22, 2026<\/span><\/p><\/div><\/div>\n\n<div class=\"et_pb_image_0 et_pb_image et_pb_module et_flex_module\"><span class=\"et_pb_image_wrap\"><img loading=\"lazy\" decoding=\"async\" src=\"https:\/\/ipv6.todospintamoscontraelbullying.com\/wp-content\/uploads\/img-rosa-roja-800-1.jpg\" title=\"Rosa Roja\" width=\"800\" height=\"800\" srcset=\"https:\/\/todospintamoscontraelbullying.com\/wp-content\/uploads\/img-rosa-roja-800-1.jpg 800w, https:\/\/todospintamoscontraelbullying.com\/wp-content\/uploads\/img-rosa-roja-800-1-480x480.jpg 480w\" sizes=\"(min-width: 0px) and (max-width: 480px) 480px, (min-width: 481px) 800px, 100vw\" class=\"wp-image-5791\" \/><\/span><\/div>\n<\/div>\n\n<div class=\"et_pb_column_1 et_pb_column et-last-child et_flex_column et_pb_css_mix_blend_mode_passthrough et_flex_column_12_24 et_flex_column_12_24_tablet et_flex_column_24_24_phone\">\n<div class=\"et_pb_text_0 et_pb_text et_pb_bg_layout_light et_pb_module et_flex_module\"><div class=\"et_pb_text_inner\"><p>Sant Jordi \u00e9s un sant venerat en moltes cultures, conegut principalment per la llegenda en qu\u00e8 rescata una princesa en v\u00e8ncer un drac temible. Segons la tradici\u00f3, de la sang del drac ven\u00e7ut va brotar una preciosa rosa vermella, que el cavaller va lliurar a la princesa. Per aquest motiu, el 23 d'abril se celebra la seva diada, un dia en qu\u00e8 \u00e9s costum regalar roses i llibres com a s\u00edmbol d'amor i cultura.   <\/p>\n<\/div><\/div>\n\n<div class=\"et_pb_module et_pb_button_module_wrapper et_pb_button_0_wrapper\"><a class=\"et_pb_button_0 et_pb_button et_pb_bg_layout_dark et_pb_module et_flex_module\" href=\"http:\/\/]]&gt;\">Intern<\/a><\/div>\n\n<div class=\"et_pb_module et_pb_button_module_wrapper et_pb_button_1_wrapper\"><a class=\"et_pb_button_1 et_pb_button et_pb_bg_layout_dark et_pb_module et_flex_module\" href=\"https:\/\/kodemaki.com\">Extern<\/a><\/div>\n<\/div>\n<\/div>\n<\/div>","protected":false},"excerpt":{"rendered":"","protected":false},"author":2,"featured_media":0,"parent":0,"menu_order":0,"comment_status":"closed","ping_status":"closed","template":"page-template-blank.php","meta":{"footnotes":""},"class_list":["post-5784","page","type-page","status-publish","hentry"],"_links":{"self":[{"href":"https:\/\/ipv6.todospintamoscontraelbullying.com\/ca\/wp-json\/wp\/v2\/pages\/5784","targetHints":{"allow":["GET"]}}],"collection":[{"href":"https:\/\/ipv6.todospintamoscontraelbullying.com\/ca\/wp-json\/wp\/v2\/pages"}],"about":[{"href":"https:\/\/ipv6.todospintamoscontraelbullying.com\/ca\/wp-json\/wp\/v2\/types\/page"}],"author":[{"embeddable":true,"href":"https:\/\/ipv6.todospintamoscontraelbullying.com\/ca\/wp-json\/wp\/v2\/users\/2"}],"replies":[{"embeddable":true,"href":"https:\/\/ipv6.todospintamoscontraelbullying.com\/ca\/wp-json\/wp\/v2\/comments?post=5784"}],"version-history":[{"count":10,"href":"https:\/\/ipv6.todospintamoscontraelbullying.com\/ca\/wp-json\/wp\/v2\/pages\/5784\/revisions"}],"predecessor-version":[{"id":5799,"href":"https:\/\/ipv6.todospintamoscontraelbullying.com\/ca\/wp-json\/wp\/v2\/pages\/5784\/revisions\/5799"}],"wp:attachment":[{"href":"https:\/\/ipv6.todospintamoscontraelbullying.com\/ca\/wp-json\/wp\/v2\/media?parent=5784"}],"curies":[{"name":"wp","href":"https:\/\/api.w.org\/{rel}","templated":true}]}}